{"id":433,"date":"2023-09-15T01:23:10","date_gmt":"2023-09-14T23:23:10","guid":{"rendered":"https:\/\/www.niasa.com\/?page_id=433"},"modified":"2024-01-10T23:17:49","modified_gmt":"2024-01-10T22:17:49","slug":"contactanos","status":"publish","type":"page","link":"https:\/\/www.niasa.com\/?page_id=433","title":{"rendered":"conocenos"},"content":{"rendered":"\t\t<div data-elementor-type=\"wp-page\" data-elementor-id=\"433\" class=\"elementor elementor-433\" data-elementor-post-type=\"page\">\n\t\t\t\t<div class=\"elementor-element elementor-element-ffd4100 e-flex e-con-boxed e-con e-parent\" data-id=\"ffd4100\" data-element_type=\"container\" data-e-type=\"container\" data-settings=\"{&quot;background_background&quot;:&quot;gradient&quot;}\">\n\t\t\t\t\t<div class=\"e-con-inner\">\n\t\t<div class=\"elementor-element elementor-element-6c66a0f e-flex e-con-boxed e-con e-child\" data-id=\"6c66a0f\" data-element_type=\"container\" data-e-type=\"container\">\n\t\t\t\t\t<div class=\"e-con-inner\">\n\t\t\t\t<div class=\"elementor-element elementor-element-c443f9e elementor-widget elementor-widget-video\" data-id=\"c443f9e\" data-element_type=\"widget\" data-e-type=\"widget\" data-settings=\"{&quot;video_type&quot;:&quot;hosted&quot;,&quot;autoplay&quot;:&quot;yes&quot;,&quot;play_on_mobile&quot;:&quot;yes&quot;,&quot;mute&quot;:&quot;yes&quot;,&quot;controls&quot;:&quot;yes&quot;}\" data-widget_type=\"video.default\">\n\t\t\t\t<div class=\"elementor-widget-container\">\n\t\t\t\t\t\t\t<div class=\"e-hosted-video elementor-wrapper elementor-open-inline\">\n\t\t\t\t\t<video class=\"elementor-video\" src=\"http:\/\/www.niasa.com\/wp-content\/uploads\/2023\/12\/Copia-de-Baner-ChicleBola.mp4\" autoplay=\"\" controls=\"\" muted=\"muted\" playsinline=\"\" controlsList=\"nodownload\"><\/video>\n\t\t\t\t<\/div>\n\t\t\t\t\t\t<\/div>\n\t\t\t\t<\/div>\n\t\t\t\t\t<\/div>\n\t\t\t\t<\/div>\n\t\t\t\t\t<\/div>\n\t\t\t\t<\/div>\n\t\t<div class=\"elementor-element elementor-element-313e769 e-con-full e-flex e-con e-parent\" data-id=\"313e769\" data-element_type=\"container\" data-e-type=\"container\" data-settings=\"{&quot;background_background&quot;:&quot;gradient&quot;}\">\n\t\t<div class=\"elementor-element elementor-element-39e450b e-con-full e-flex e-con e-child\" data-id=\"39e450b\" data-element_type=\"container\" data-e-type=\"container\">\n\t\t\t\t<div class=\"elementor-element elementor-element-e90fb4e elementor-widget elementor-widget-image\" data-id=\"e90fb4e\" data-element_type=\"widget\" data-e-type=\"widget\" data-widget_type=\"image.default\">\n\t\t\t\t<div class=\"elementor-widget-container\">\n\t\t\t\t\t\t\t\t\t\t\t\t\t\t\t<img fetchpriority=\"high\" decoding=\"async\" width=\"1024\" height=\"1024\" src=\"https:\/\/www.niasa.com\/wp-content\/uploads\/2023\/12\/Old-niaza-1024x1024.png\" class=\"attachment-large size-large wp-image-1313\" alt=\"\" srcset=\"https:\/\/www.niasa.com\/wp-content\/uploads\/2023\/12\/Old-niaza-1024x1024.png 1024w, https:\/\/www.niasa.com\/wp-content\/uploads\/2023\/12\/Old-niaza-300x300.png 300w, https:\/\/www.niasa.com\/wp-content\/uploads\/2023\/12\/Old-niaza-150x150.png 150w, https:\/\/www.niasa.com\/wp-content\/uploads\/2023\/12\/Old-niaza-768x768.png 768w, https:\/\/www.niasa.com\/wp-content\/uploads\/2023\/12\/Old-niaza.png 1096w\" sizes=\"(max-width: 1024px) 100vw, 1024px\" \/>\t\t\t\t\t\t\t\t\t\t\t\t\t\t\t<\/div>\n\t\t\t\t<\/div>\n\t\t\t\t<\/div>\n\t\t<div class=\"elementor-element elementor-element-ab383b4 e-con-full e-flex e-con e-child\" data-id=\"ab383b4\" data-element_type=\"container\" data-e-type=\"container\">\n\t\t\t\t<div class=\"elementor-element elementor-element-27dc428 elementor-widget elementor-widget-heading\" data-id=\"27dc428\" data-element_type=\"widget\" data-e-type=\"widget\" data-widget_type=\"heading.default\">\n\t\t\t\t<div class=\"elementor-widget-container\">\n\t\t\t\t\t<h5 class=\"elementor-heading-title elementor-size-default\">NIASA, nace el 11 de Julio de 1,985 con la idea fundamental de ofrecer al mercado guatemalteco golosinas de la m\u00e1s alta calidad, con la mira puesta en los mercados de exportaci\u00f3n a trav\u00e9s de un proceso productivo eficiente.<\/h5>\t\t\t\t<\/div>\n\t\t\t\t<\/div>\n\t\t\t\t<\/div>\n\t\t\t\t<\/div>\n\t\t<div class=\"elementor-element elementor-element-f5ed97d e-con-full e-flex e-con e-parent\" data-id=\"f5ed97d\" data-element_type=\"container\" data-e-type=\"container\" data-settings=\"{&quot;background_background&quot;:&quot;gradient&quot;}\">\n\t\t<div class=\"elementor-element elementor-element-90dfa19 e-con-full e-flex e-con e-child\" data-id=\"90dfa19\" data-element_type=\"container\" data-e-type=\"container\">\n\t\t\t\t<div class=\"elementor-element elementor-element-d656f56 elementor-widget elementor-widget-image\" data-id=\"d656f56\" data-element_type=\"widget\" data-e-type=\"widget\" data-widget_type=\"image.default\">\n\t\t\t\t<div class=\"elementor-widget-container\">\n\t\t\t\t\t\t\t\t\t\t\t\t\t\t\t<img decoding=\"async\" width=\"600\" height=\"545\" src=\"https:\/\/www.niasa.com\/wp-content\/uploads\/2023\/09\/9fizLyx-600x545-1.jpg\" class=\"attachment-large size-large wp-image-528\" alt=\"\" srcset=\"https:\/\/www.niasa.com\/wp-content\/uploads\/2023\/09\/9fizLyx-600x545-1.jpg 600w, https:\/\/www.niasa.com\/wp-content\/uploads\/2023\/09\/9fizLyx-600x545-1-300x273.jpg 300w\" sizes=\"(max-width: 600px) 100vw, 600px\" \/>\t\t\t\t\t\t\t\t\t\t\t\t\t\t\t<\/div>\n\t\t\t\t<\/div>\n\t\t\t\t<\/div>\n\t\t<div class=\"elementor-element elementor-element-fe4d477 e-con-full e-flex e-con e-child\" data-id=\"fe4d477\" data-element_type=\"container\" data-e-type=\"container\">\n\t\t\t\t<div class=\"elementor-element elementor-element-e7c8895 elementor-widget elementor-widget-heading\" data-id=\"e7c8895\" data-element_type=\"widget\" data-e-type=\"widget\" data-widget_type=\"heading.default\">\n\t\t\t\t<div class=\"elementor-widget-container\">\n\t\t\t\t\t<h5 class=\"elementor-heading-title elementor-size-default\">Iniciamos operaciones en octubre de ese mismo a\u00f1o, fabricando el chicle Bazooka, bajo la licencia de Topps Company, su \u00e9xito nos motivo a diversificarnos en otro tipo de golosinas (chicles, paletas, bombones, caramelos y galletas)<\/h5>\t\t\t\t<\/div>\n\t\t\t\t<\/div>\n\t\t\t\t<\/div>\n\t\t\t\t<\/div>\n\t\t<div class=\"elementor-element elementor-element-02b798b e-con-full e-flex e-con e-parent\" data-id=\"02b798b\" data-element_type=\"container\" data-e-type=\"container\" data-settings=\"{&quot;background_background&quot;:&quot;gradient&quot;}\">\n\t\t<div class=\"elementor-element elementor-element-46487a4 e-con-full e-flex e-con e-child\" data-id=\"46487a4\" data-element_type=\"container\" data-e-type=\"container\">\n\t\t\t\t<div class=\"elementor-element elementor-element-23fe2ac elementor-widget elementor-widget-image\" data-id=\"23fe2ac\" data-element_type=\"widget\" data-e-type=\"widget\" data-widget_type=\"image.default\">\n\t\t\t\t<div class=\"elementor-widget-container\">\n\t\t\t\t\t\t\t\t\t\t\t\t\t\t\t<img decoding=\"async\" width=\"600\" height=\"600\" src=\"https:\/\/www.niasa.com\/wp-content\/uploads\/2023\/09\/niasa_sq10-600x600-1.png\" class=\"attachment-large size-large wp-image-537\" alt=\"\" srcset=\"https:\/\/www.niasa.com\/wp-content\/uploads\/2023\/09\/niasa_sq10-600x600-1.png 600w, https:\/\/www.niasa.com\/wp-content\/uploads\/2023\/09\/niasa_sq10-600x600-1-300x300.png 300w, https:\/\/www.niasa.com\/wp-content\/uploads\/2023\/09\/niasa_sq10-600x600-1-150x150.png 150w\" sizes=\"(max-width: 600px) 100vw, 600px\" \/>\t\t\t\t\t\t\t\t\t\t\t\t\t\t\t<\/div>\n\t\t\t\t<\/div>\n\t\t\t\t<\/div>\n\t\t<div class=\"elementor-element elementor-element-04c666c e-con-full e-flex e-con e-child\" data-id=\"04c666c\" data-element_type=\"container\" data-e-type=\"container\">\n\t\t\t\t<div class=\"elementor-element elementor-element-47d9903 elementor-widget elementor-widget-heading\" data-id=\"47d9903\" data-element_type=\"widget\" data-e-type=\"widget\" data-widget_type=\"heading.default\">\n\t\t\t\t<div class=\"elementor-widget-container\">\n\t\t\t\t\t<h5 class=\"elementor-heading-title elementor-size-default\">Somos una empresa dedicada a la manufactura de productos alimenticios en el \u00e1rea de confiter\u00eda. Actualmente con una fuerza laboral de m\u00e1s de 100 personas, una planta con superficie techada de 5,500 metros cuadrados y una capacidad instalada de aproximadamente 30,000 toneladas anuales.<\/h5>\t\t\t\t<\/div>\n\t\t\t\t<\/div>\n\t\t\t\t<\/div>\n\t\t\t\t<\/div>\n\t\t\t\t<\/div>\n\t\t","protected":false},"excerpt":{"rendered":"<p>http:\/\/www.niasa.com\/wp-content\/uploads\/2023\/12\/Copia-de-Baner-ChicleBola.mp4 NIASA, nace el 11 de Julio de 1,985 con la idea fundamental de ofrecer al mercado guatemalteco golosinas de la m\u00e1s alta calidad, con la mira puesta en los mercados de exportaci\u00f3n a trav\u00e9s de un proceso productivo eficiente. Iniciamos operaciones en octubre de ese mismo a\u00f1o, fabricando el chicle Bazooka, bajo la licencia [&hellip;]<\/p>\n","protected":false},"author":1,"featured_media":0,"parent":0,"menu_order":0,"comment_status":"closed","ping_status":"closed","template":"","meta":{"content-type":"","site-sidebar-layout":"no-sidebar","site-content-layout":"page-builder","ast-site-content-layout":"full-width-container","site-content-style":"default","site-sidebar-style":"default","ast-global-header-display":"","ast-banner-title-visibility":"","ast-main-header-display":"","ast-hfb-above-header-display":"","ast-hfb-below-header-display":"","ast-hfb-mobile-header-display":"","site-post-title":"disabled","ast-breadcrumbs-content":"","ast-featured-img":"disabled","footer-sml-layout":"","ast-disable-related-posts":"","theme-transparent-header-meta":"default","adv-header-id-meta":"","stick-header-meta":"","header-above-stick-meta":"","header-main-stick-meta":"","header-below-stick-meta":"","astra-migrate-meta-layouts":"set","ast-page-background-enabled":"default","ast-page-background-meta":{"desktop":{"background-color":"","background-image":"","background-repeat":"repeat","background-position":"center center","background-size":"auto","background-attachment":"scroll","background-type":"","background-media":"","overlay-type":"","overlay-color":"","overlay-opacity":"","overlay-gradient":""},"tablet":{"background-color":"","background-image":"","background-repeat":"repeat","background-position":"center center","background-size":"auto","background-attachment":"scroll","background-type":"","background-media":"","overlay-type":"","overlay-color":"","overlay-opacity":"","overlay-gradient":""},"mobile":{"background-color":"","background-image":"","background-repeat":"repeat","background-position":"center center","background-size":"auto","background-attachment":"scroll","background-type":"","background-media":"","overlay-type":"","overlay-color":"","overlay-opacity":"","overlay-gradient":""}},"ast-content-background-meta":{"desktop":{"background-color":"var(--ast-global-color-5)","background-image":"","background-repeat":"repeat","background-position":"center center","background-size":"auto","background-attachment":"scroll","background-type":"","background-media":"","overlay-type":"","overlay-color":"","overlay-opacity":"","overlay-gradient":""},"tablet":{"background-color":"var(--ast-global-color-5)","background-image":"","background-repeat":"repeat","background-position":"center center","background-size":"auto","background-attachment":"scroll","background-type":"","background-media":"","overlay-type":"","overlay-color":"","overlay-opacity":"","overlay-gradient":""},"mobile":{"background-color":"var(--ast-global-color-5)","background-image":"","background-repeat":"repeat","background-position":"center center","background-size":"auto","background-attachment":"scroll","background-type":"","background-media":"","overlay-type":"","overlay-color":"","overlay-opacity":"","overlay-gradient":""}},"footnotes":""},"class_list":["post-433","page","type-page","status-publish","hentry"],"aioseo_notices":[],"_links":{"self":[{"href":"https:\/\/www.niasa.com\/index.php?rest_route=\/wp\/v2\/pages\/433","targetHints":{"allow":["GET"]}}],"collection":[{"href":"https:\/\/www.niasa.com\/index.php?rest_route=\/wp\/v2\/pages"}],"about":[{"href":"https:\/\/www.niasa.com\/index.php?rest_route=\/wp\/v2\/types\/page"}],"author":[{"embeddable":true,"href":"https:\/\/www.niasa.com\/index.php?rest_route=\/wp\/v2\/users\/1"}],"replies":[{"embeddable":true,"href":"https:\/\/www.niasa.com\/index.php?rest_route=%2Fwp%2Fv2%2Fcomments&post=433"}],"version-history":[{"count":116,"href":"https:\/\/www.niasa.com\/index.php?rest_route=\/wp\/v2\/pages\/433\/revisions"}],"predecessor-version":[{"id":1642,"href":"https:\/\/www.niasa.com\/index.php?rest_route=\/wp\/v2\/pages\/433\/revisions\/1642"}],"wp:attachment":[{"href":"https:\/\/www.niasa.com\/index.php?rest_route=%2Fwp%2Fv2%2Fmedia&parent=433"}],"curies":[{"name":"wp","href":"https:\/\/api.w.org\/{rel}","templated":true}]}}